{"id":985,"date":"2020-12-16T15:13:05","date_gmt":"2020-12-16T15:13:05","guid":{"rendered":"http:\/\/lario.com.ar?page_id=985"},"modified":"2022-04-07T07:22:18","modified_gmt":"2022-04-07T07:22:18","slug":"chucrut-rapido","status":"publish","type":"page","link":"https:\/\/lario.com.ar\/stage\/chucrut-rapido\/","title":{"rendered":"CHUCRUT R\u00c1PIDO CON PANCETA AHUMADA Y SALCHICHAS"},"content":{"rendered":"<p>[vc_section full_width=\u00bbstretch_row_content\u00bb full_height=\u00bbyes\u00bb css=\u00bb.vc_custom_1649316136464{margin-top: -31px !important;background-image: url(https:\/\/lario.com.ar\/stage\/wp-content\/uploads\/2022\/04\/background2_productos.jpg?id=2282) !important;background-position: 0 0 !important;background-repeat: repeat !important;}\u00bb][vc_row css=\u00bb.vc_custom_1601648277179{margin-right: 10% !important;margin-bottom: 0px !important;margin-left: 10% !important;background-position: center !important;background-repeat: no-repeat !important;background-size: cover !important;}\u00bb][vc_column width=\u00bb1\/2&#8243; offset=\u00bbvc_hidden-sm vc_hidden-xs\u00bb][vc_single_image image=\u00bb739&#8243; img_size=\u00bblarge\u00bb alignment=\u00bbcenter\u00bb][\/vc_column][vc_column width=\u00bb1\/2&#8243; offset=\u00bbvc_col-lg-offset-0 vc_col-md-offset-0 vc_col-sm-offset-0 vc_hidden-sm vc_col-xs-offset-1 vc_hidden-xs\u00bb][vc_custom_heading text=\u00bbCHUCRUT R\u00c1PIDO CON PANCETA AHUMADA Y SALCHICHAS\u00bb font_container=\u00bbtag:h2|font_size:40%20PT|text_align:left|color:%23957836|line_height:1.2&#8243; google_fonts=\u00bbfont_family:Fjalla%20One%3Aregular|font_style:400%20regular%3A400%3Anormal\u00bb css=\u00bb.vc_custom_1608131472274{padding-right: 25% !important;}\u00bb][vc_custom_heading text=\u00bbINGREDIENTES\u00bb font_container=\u00bbtag:h2|font_size:30PT|text_align:left\u00bb google_fonts=\u00bbfont_family:Lato%3A100%2C100italic%2C300%2C300italic%2Cregular%2Citalic%2C700%2C700italic%2C900%2C900italic|font_style:900%20bold%20regular%3A900%3Anormal\u00bb css=\u00bb.vc_custom_1601648284219{margin-top: 6% !important;}\u00bb][vc_custom_heading text=\u00bb240 g de panceta ahumada Lario<br \/>\n8 salchichas Lario<br \/>\n1 repollo blanco<br \/>\n150 cm3 de vinagre de manzana<br \/>\n150 cm3 de vino blanco<br \/>\n150 cm3 de agua<br \/>\n2 cebollas<br \/>\n1 \u00bd manzana verde<br \/>\n2 cdta de az\u00facar<br \/>\nRomero, tomillo c\/n<br \/>\nSal, pimienta, aceite c\/n<br \/>\nAgua para cocci\u00f3n c\/n\u00bb font_container=\u00bbtag:h2|font_size:18PT|text_align:left|line_height:1.2&#8243; google_fonts=\u00bbfont_family:Fjalla%20One%3Aregular|font_style:400%20regular%3A400%3Anormal\u00bb css=\u00bb.vc_custom_1608131483592{margin-top: 3% !important;}\u00bb][vc_custom_heading text=\u00bbPREPARACI\u00d3N\u00bb font_container=\u00bbtag:h2|font_size:30PT|text_align:left\u00bb google_fonts=\u00bbfont_family:Lato%3A100%2C100italic%2C300%2C300italic%2Cregular%2Citalic%2C700%2C700italic%2C900%2C900italic|font_style:900%20bold%20regular%3A900%3Anormal\u00bb css=\u00bb.vc_custom_1606738172540{margin-top: 10% !important;}\u00bb][vc_custom_heading text=\u00bbCort\u00e1 la cebolla y la manzana en cubitos, la panceta ahumada lardons (con el trozo de panceta cort\u00e1 tiras de 1 cm y luego trozala nuevamente por 1 cm) y el repollo en tiritas o juliana.<br \/>\nEn una olla con un toque de aceite, comenz\u00e1 dorando la panceta y las hierbas, luego agreg\u00e1 la cebolla y manzana. Cocin\u00e1 unos minutos e incorpor\u00e1 el repollo, sal y pimienta, cocin\u00e1 por 5 minutos y agreg\u00e1 todos los l\u00edquidos m\u00e1s el az\u00facar. De ahora en adelante, a medida que la preparaci\u00f3n pida l\u00edquido, agreg\u00e1 agua hasta el final de cocci\u00f3n (2 hs aproximadamente). Serv\u00ed junto a las salchichas, previamente hervidas.\u00bb font_container=\u00bbtag:h2|font_size:18PT|text_align:left|line_height:1.2&#8243; google_fonts=\u00bbfont_family:Lato%3A100%2C100italic%2C300%2C300italic%2Cregular%2Citalic%2C700%2C700italic%2C900%2C900italic|font_style:400%20regular%3A400%3Anormal\u00bb css=\u00bb.vc_custom_1613580934006{margin-top: 0px !important;padding-right: 15% !important;}\u00bb][\/vc_column][\/vc_row][vc_row css=\u00bb.vc_custom_1606828819088{margin-right: 0px !important;margin-bottom: 3% !important;margin-left: 0px !important;}\u00bb][vc_column css=\u00bb.vc_custom_1606828435524{margin-left: 0px !important;border-left-width: 0px !important;padding-left: 0px !important;}\u00bb][vc_btn title=\u00bbVER M\u00c1S RECETAS\u00bb style=\u00bbflat\u00bb color=\u00bbchino\u00bb align=\u00bbcenter\u00bb css_animation=\u00bbfadeInUp\u00bb link=\u00bburl:http%3A%2F%2Flario.com.ar\/stage%2Frecetas%2F|||\u00bb][\/vc_column][\/vc_row][\/vc_section][vc_row][vc_column][\/vc_column][\/vc_row]<\/p>\n","protected":false},"excerpt":{"rendered":"<p>[vc_section full_width=\u00bbstretch_row_content\u00bb full_height=\u00bbyes\u00bb css=\u00bb.vc_custom_1649316136464{margin-top: -31px !important;background-image: url(https:\/\/lario.com.ar\/stage\/wp-content\/uploads\/2022\/04\/background2_productos.jpg?id=2282) !important;background-position: 0 0 !important;background-repeat: repeat !important;}\u00bb][vc_row css=\u00bb.vc_custom_1601648277179{margin-right: 10% !important;margin-bottom: 0px !important;margin-left: 10% !important;background-position: center !important;background-repeat: no-repeat !important;background-size: cover !important;}\u00bb][vc_column<span class=\"excerpt-hellip\"> [\u2026]<\/span><\/p>\n","protected":false},"author":2,"featured_media":0,"parent":0,"menu_order":0,"comment_status":"closed","ping_status":"closed","template":"","meta":[],"_links":{"self":[{"href":"https:\/\/lario.com.ar\/stage\/wp-json\/wp\/v2\/pages\/985"}],"collection":[{"href":"https:\/\/lario.com.ar\/stage\/wp-json\/wp\/v2\/pages"}],"about":[{"href":"https:\/\/lario.com.ar\/stage\/wp-json\/wp\/v2\/types\/page"}],"author":[{"embeddable":true,"href":"https:\/\/lario.com.ar\/stage\/wp-json\/wp\/v2\/users\/2"}],"replies":[{"embeddable":true,"href":"https:\/\/lario.com.ar\/stage\/wp-json\/wp\/v2\/comments?post=985"}],"version-history":[{"count":12,"href":"https:\/\/lario.com.ar\/stage\/wp-json\/wp\/v2\/pages\/985\/revisions"}],"predecessor-version":[{"id":2392,"href":"https:\/\/lario.com.ar\/stage\/wp-json\/wp\/v2\/pages\/985\/revisions\/2392"}],"wp:attachment":[{"href":"https:\/\/lario.com.ar\/stage\/wp-json\/wp\/v2\/media?parent=985"}],"curies":[{"name":"wp","href":"https:\/\/api.w.org\/{rel}","templated":true}]}}