{"id":1012,"date":"2020-12-16T19:11:29","date_gmt":"2020-12-16T19:11:29","guid":{"rendered":"http:\/\/lario.com.ar?page_id=1012"},"modified":"2021-03-18T19:12:55","modified_gmt":"2021-03-18T19:12:55","slug":"pinchos-de-salchichas","status":"publish","type":"page","link":"https:\/\/lario.com.ar\/stage\/pinchos-de-salchichas\/","title":{"rendered":"PINCHOS DE SALCHICHAS"},"content":{"rendered":"<p>[vc_section full_width=\u00bbstretch_row_content\u00bb full_height=\u00bbyes\u00bb parallax=\u00bbcontent-moving\u00bb parallax_image=\u00bb1688&#8243; css=\u00bb.vc_custom_1616094774303{margin-top: -31px !important;background-image: url(https:\/\/lario.com.ar\/stage\/wp-content\/uploads\/2021\/03\/fondo-grande-scaled.jpg?id=1798) !important;background-position: center !important;background-repeat: no-repeat !important;background-size: cover !important;}\u00bb][vc_row css=\u00bb.vc_custom_1601648277179{margin-right: 10% !important;margin-bottom: 0px !important;margin-left: 10% !important;background-position: center !important;background-repeat: no-repeat !important;background-size: cover !important;}\u00bb][vc_column width=\u00bb1\/2&#8243; offset=\u00bbvc_hidden-sm vc_hidden-xs\u00bb][vc_single_image image=\u00bb750&#8243; img_size=\u00bblarge\u00bb alignment=\u00bbcenter\u00bb][\/vc_column][vc_column width=\u00bb1\/2&#8243; offset=\u00bbvc_col-lg-offset-0 vc_col-md-offset-0 vc_col-sm-offset-0 vc_hidden-sm vc_col-xs-offset-1 vc_hidden-xs\u00bb][vc_custom_heading text=\u00bbPINCHOS DE SALCHICHAS\u00bb font_container=\u00bbtag:h2|font_size:40%20PT|text_align:left|color:%23957836|line_height:1.2&#8243; google_fonts=\u00bbfont_family:Fjalla%20One%3Aregular|font_style:400%20regular%3A400%3Anormal\u00bb css=\u00bb.vc_custom_1608145797648{padding-right: 25% !important;}\u00bb][vc_custom_heading text=\u00bbINGREDIENTES\u00bb font_container=\u00bbtag:h2|font_size:30PT|text_align:left\u00bb google_fonts=\u00bbfont_family:Lato%3A100%2C100italic%2C300%2C300italic%2Cregular%2Citalic%2C700%2C700italic%2C900%2C900italic|font_style:900%20bold%20regular%3A900%3Anormal\u00bb css=\u00bb.vc_custom_1601648284219{margin-top: 6% !important;}\u00bb][vc_custom_heading text=\u00bb6 salchichas de viena<br \/>\n2 huevos<br \/>\n250 g de rebozador o pan rallado<br \/>\n40 g de harina<br \/>\nSal y pimienta, al gusto<br \/>\nCondimentos, aderezos y hierbas para acompa\u00f1ar, al gusto\u00bb font_container=\u00bbtag:h2|font_size:18PT|text_align:left|line_height:1.2&#8243; google_fonts=\u00bbfont_family:Fjalla%20One%3Aregular|font_style:400%20regular%3A400%3Anormal\u00bb css=\u00bb.vc_custom_1608145862790{margin-top: 3% !important;}\u00bb][vc_custom_heading text=\u00bbPREPARACI\u00d3N\u00bb font_container=\u00bbtag:h2|font_size:30PT|text_align:left\u00bb google_fonts=\u00bbfont_family:Lato%3A100%2C100italic%2C300%2C300italic%2Cregular%2Citalic%2C700%2C700italic%2C900%2C900italic|font_style:900%20bold%20regular%3A900%3Anormal\u00bb css=\u00bb.vc_custom_1606738172540{margin-top: 10% !important;}\u00bb][vc_custom_heading text=\u00bb1- Bat\u00ed los huevos con un toque de sal y pimienta, y reserv\u00e1.<br \/>\n2- Pas\u00e1 las salchichas por la harina, luego por el huevo y despu\u00e9s por el rebozado. Para finalizar, pas\u00e1 una vez m\u00e1s por huevo y rebozado para lograr un doble apanado.<br \/>\n3- Dej\u00e1 reposar en la heladera por 25 minutos y fre\u00ed.<br \/>\n4- Acompa\u00f1\u00e1 con tus aderezos favoritos.<br \/>\nTip extra: pod\u00e9s incorporar en el batido de los huevos, provenzal, piment\u00f3n, hierbas, lo que m\u00e1s te guste para darles un toque personal.\u00bb font_container=\u00bbtag:h2|font_size:18PT|text_align:left|line_height:1.2&#8243; google_fonts=\u00bbfont_family:Lato%3A100%2C100italic%2C300%2C300italic%2Cregular%2Citalic%2C700%2C700italic%2C900%2C900italic|font_style:400%20regular%3A400%3Anormal\u00bb css=\u00bb.vc_custom_1613582542388{margin-top: 0px !important;padding-right: 15% !important;}\u00bb][\/vc_column][\/vc_row][vc_row css=\u00bb.vc_custom_1606828857870{margin-top: 0px !important;margin-right: 10% !important;margin-bottom: 0px !important;margin-left: 10% !important;border-top-width: 0px !important;padding-top: 0px !important;background-position: center !important;background-repeat: no-repeat !important;background-size: cover !important;}\u00bb][vc_column css=\u00bb.vc_custom_1606828852112{margin-top: 0px !important;margin-right: 0px !important;margin-bottom: 0px !important;margin-left: 0px !important;border-top-width: 0px !important;border-right-width: 0px !important;border-bottom-width: 0px !important;border-left-width: 0px !important;padding-top: 0px !important;padding-right: 0px !important;padding-bottom: 0px !important;padding-left: 0px !important;}\u00bb offset=\u00bbvc_hidden-lg vc_hidden-md\u00bb][vc_custom_heading text=\u00bbPINCHOS DE SALCHICHAS\u00bb font_container=\u00bbtag:h2|font_size:40%20PT|text_align:left|color:%23957836|line_height:1.2&#8243; google_fonts=\u00bbfont_family:Fjalla%20One%3Aregular|font_style:400%20regular%3A400%3Anormal\u00bb css=\u00bb.vc_custom_1608145806198{margin-top: 0px !important;margin-right: 0px !important;border-top-width: 0px !important;border-right-width: 0px !important;padding-top: 0px !important;padding-right: 0px !important;}\u00bb][vc_custom_heading text=\u00bbDESAYUNO\u00bb font_container=\u00bbtag:h2|font_size:25PT|text_align:left|color:%23957836&#8243; google_fonts=\u00bbfont_family:Fjalla%20One%3Aregular|font_style:400%20regular%3A400%3Anormal\u00bb][vc_single_image image=\u00bb750&#8243; img_size=\u00bblarge\u00bb alignment=\u00bbcenter\u00bb css=\u00bb.vc_custom_1608147882589{margin-top: 5% !important;margin-bottom: 0px !important;border-bottom-width: 0px !important;padding-top: 5% !important;padding-bottom: 0px !important;}\u00bb][vc_custom_heading text=\u00bbINGREDIENTES\u00bb font_container=\u00bbtag:h2|font_size:30PT|text_align:left\u00bb google_fonts=\u00bbfont_family:Lato%3A100%2C100italic%2C300%2C300italic%2Cregular%2Citalic%2C700%2C700italic%2C900%2C900italic|font_style:900%20bold%20regular%3A900%3Anormal\u00bb css=\u00bb.vc_custom_1606828892014{margin-top: 15% !important;margin-right: 0px !important;margin-left: 0px !important;border-right-width: 0px !important;border-left-width: 0px !important;padding-right: 0px !important;padding-left: 0px !important;}\u00bb][vc_custom_heading text=\u00bb6 salchichas de viena<br \/>\n2 huevos<br \/>\n250 g de rebozador o pan rallado<br \/>\n40 g de harina<br \/>\nSal y pimienta, al gusto<br \/>\nCondimentos, aderezos y hierbas para acompa\u00f1ar, al gusto\u00bb font_container=\u00bbtag:h2|font_size:18PT|text_align:left|line_height:1.5&#8243; google_fonts=\u00bbfont_family:Fjalla%20One%3Aregular|font_style:400%20regular%3A400%3Anormal\u00bb css=\u00bb.vc_custom_1608145855537{margin-top: 5% !important;margin-right: 0px !important;margin-left: 0px !important;border-right-width: 0px !important;border-left-width: 0px !important;padding-right: 0px !important;padding-left: 0px !important;}\u00bb][vc_custom_heading text=\u00bbPREPARACI\u00d3N\u00bb font_container=\u00bbtag:h2|font_size:30PT|text_align:left\u00bb google_fonts=\u00bbfont_family:Lato%3A100%2C100italic%2C300%2C300italic%2Cregular%2Citalic%2C700%2C700italic%2C900%2C900italic|font_style:900%20bold%20regular%3A900%3Anormal\u00bb css=\u00bb.vc_custom_1606828940236{margin-top: 15% !important;margin-right: 0px !important;margin-left: 0px !important;border-right-width: 0px !important;border-left-width: 0px !important;padding-right: 0px !important;padding-left: 0px !important;}\u00bb][vc_custom_heading text=\u00bb1- Bat\u00ed los huevos con un toque de sal y pimienta, y reserv\u00e1.<br \/>\n2- Pas\u00e1 las salchichas por la harina, luego por el huevo y despu\u00e9s por el rebozado. Para finalizar, pas\u00e1 una vez m\u00e1s por huevo y rebozado para lograr un doble apanado.<br \/>\n3- Dej\u00e1 reposar en la heladera por 25 minutos y fre\u00ed.<br \/>\n4- Acompa\u00f1\u00e1 con tus aderezos favoritos.<br \/>\nTip extra: pod\u00e9s incorporar en el batido de los huevos, provenzal, piment\u00f3n, hierbas, lo que m\u00e1s te guste para darles un toque personal\u00bb font_container=\u00bbtag:h2|font_size:18PT|text_align:left|line_height:1.2&#8243; google_fonts=\u00bbfont_family:Lato%3A100%2C100italic%2C300%2C300italic%2Cregular%2Citalic%2C700%2C700italic%2C900%2C900italic|font_style:400%20regular%3A400%3Anormal\u00bb css=\u00bb.vc_custom_1608145884465{margin-top: 5% !important;margin-right: 0px !important;margin-left: 0px !important;border-right-width: 0px !important;border-left-width: 0px !important;padding-right: 0px !important;padding-left: 0px !important;}\u00bb][\/vc_column][vc_column][\/vc_column][\/vc_row][vc_row css=\u00bb.vc_custom_1606828819088{margin-right: 0px !important;margin-bottom: 3% !important;margin-left: 0px !important;}\u00bb][vc_column css=\u00bb.vc_custom_1606828435524{margin-left: 0px !important;border-left-width: 0px !important;padding-left: 0px !important;}\u00bb][vc_btn title=\u00bbVER M\u00c1S RECETAS\u00bb style=\u00bbflat\u00bb color=\u00bbchino\u00bb align=\u00bbcenter\u00bb css_animation=\u00bbfadeInUp\u00bb link=\u00bburl:http%3A%2F%2Flario.com.ar\/stage%2Frecetas%2F|||\u00bb][\/vc_column][\/vc_row][\/vc_section][vc_row][vc_column][\/vc_column][\/vc_row]<\/p>\n","protected":false},"excerpt":{"rendered":"<p>[vc_section full_width=\u00bbstretch_row_content\u00bb full_height=\u00bbyes\u00bb parallax=\u00bbcontent-moving\u00bb parallax_image=\u00bb1688&#8243; css=\u00bb.vc_custom_1616094774303{margin-top: -31px !important;background-image: url(https:\/\/lario.com.ar\/stage\/wp-content\/uploads\/2021\/03\/fondo-grande-scaled.jpg?id=1798) !important;background-position: center !important;background-repeat: no-repeat !important;background-size: cover !important;}\u00bb][vc_row css=\u00bb.vc_custom_1601648277179{margin-right: 10% !important;margin-bottom: 0px !important;margin-left: 10% !important;background-position: center !important;background-repeat: no-repeat<span class=\"excerpt-hellip\"> [\u2026]<\/span><\/p>\n","protected":false},"author":2,"featured_media":0,"parent":0,"menu_order":0,"comment_status":"closed","ping_status":"closed","template":"","meta":[],"_links":{"self":[{"href":"https:\/\/lario.com.ar\/stage\/wp-json\/wp\/v2\/pages\/1012"}],"collection":[{"href":"https:\/\/lario.com.ar\/stage\/wp-json\/wp\/v2\/pages"}],"about":[{"href":"https:\/\/lario.com.ar\/stage\/wp-json\/wp\/v2\/types\/page"}],"author":[{"embeddable":true,"href":"https:\/\/lario.com.ar\/stage\/wp-json\/wp\/v2\/users\/2"}],"replies":[{"embeddable":true,"href":"https:\/\/lario.com.ar\/stage\/wp-json\/wp\/v2\/comments?post=1012"}],"version-history":[{"count":11,"href":"https:\/\/lario.com.ar\/stage\/wp-json\/wp\/v2\/pages\/1012\/revisions"}],"predecessor-version":[{"id":2406,"href":"https:\/\/lario.com.ar\/stage\/wp-json\/wp\/v2\/pages\/1012\/revisions\/2406"}],"wp:attachment":[{"href":"https:\/\/lario.com.ar\/stage\/wp-json\/wp\/v2\/media?parent=1012"}],"curies":[{"name":"wp","href":"https:\/\/api.w.org\/{rel}","templated":true}]}}